{"id":358,"date":"2024-01-11T08:46:14","date_gmt":"2024-01-11T07:46:14","guid":{"rendered":"http:\/\/austriaarms.local\/?page_id=358"},"modified":"2024-04-19T20:06:04","modified_gmt":"2024-04-19T18:06:04","slug":"versand-bezahlung","status":"publish","type":"page","link":"https:\/\/austriaarms.com\/actiondays2025\/versand-bezahlung","title":{"rendered":"Versand &#038; Bezahlung"},"content":{"rendered":"<h1>VERSAND &amp; BEZAHLUNG<\/h1>\n<h2>Bezahlung<\/h2>\n<div>\n<p><strong>Kreditkarte<\/strong><\/p>\n<p><span>WICHTIGE INFORMATION: K\u00e4ufer und Kreditkarteninhaber m\u00fcssen die selbe Person sein! Wir behalten uns bei abweichenden K\u00e4ufer- und Kreditkartendaten das Recht vor, Bestellungen im Zweifelsfall auch ohne R\u00fccksprache zu stornieren (Betrag wird automatisch refundiert, Ticketreservierung verf\u00e4llt)<\/p>\n<p><\/span><b>PayPal<\/b><br \/><span>Die Zahlung erfolgt per PayPal. Der Gesamtbetrag Ihrer Bestellung wird von Ihrem Paypal Konto eingezogen.<\/span><\/p>\n<\/div>\n<h2>VERSAND<\/h2>\n<div>\n<p><b>Online-Ticket<\/b><\/p>\n<p><span>Die Tickets k\u00f6nnen nach Bezahlung direkt im Anschluss an die Buchung bzw. jederzeit wieder \u00fcber die Ihnen zugesandte &#8222;E-Mail Best\u00e4tigung&#8220; ausgedruckt werden.<\/span><\/p>\n<p><span>Die abgedruckte Rechnungsnummer erm\u00f6glicht Ihnen den Zutritt zur Rifle Range und\/oder Handgun Range.<\/span><\/p>\n<\/div>\n<h2>STORNO<\/h2>\n<div>\n<p><span>Ihre Bestellung bei austriaarms.com\/actiondays2025 ist verbindlich und kann nicht storniert werden.<\/span><\/p>\n<p><span>Bitte beachten Sie: F\u00fcr Tickets besteht kein R\u00fccktrittsrecht gem. \u00a7 18 (1) Z10 FAGG.<\/span><\/p>\n<\/div>\n<p><!--more--><br \/>\n<!-- {\"type\":\"layout\",\"children\":[{\"type\":\"section\",\"props\":{\"image_position\":\"center-center\",\"style\":\"default\",\"title_breakpoint\":\"xl\",\"title_position\":\"top-left\",\"title_rotation\":\"left\",\"vertical_align\":\"middle\",\"width\":\"default\"},\"children\":[{\"type\":\"row\",\"children\":[{\"type\":\"column\",\"props\":{\"image_position\":\"center-center\",\"position_sticky_breakpoint\":\"m\"},\"children\":[{\"type\":\"headline\",\"props\":{\"content\":\"VERSAND &amp; BEZAHLUNG\",\"title_element\":\"h1\"}},{\"type\":\"headline\",\"props\":{\"content\":\"Bezahlung\",\"title_element\":\"h2\"}},{\"type\":\"text\",\"props\":{\"column_breakpoint\":\"m\",\"content\":\"\n\n<p><strong>Kreditkarte<\\\/strong><\\\/p>\\n\n\n<p><span>WICHTIGE INFORMATION: K\\u00e4ufer und Kreditkarteninhaber m\\u00fcssen die selbe Person sein! Wir behalten uns bei abweichenden K\\u00e4ufer- und Kreditkartendaten das Recht vor, Bestellungen im Zweifelsfall auch ohne R\\u00fccksprache zu stornieren (Betrag wird automatisch refundiert, Ticketreservierung verf\\u00e4llt)<br \\\/><br \\\/><\\\/span><b>PayPal<\\\/b><br \\\/><span>Die Zahlung erfolgt per PayPal. Der Gesamtbetrag Ihrer Bestellung wird von Ihrem Paypal Konto eingezogen.<\\\/span><\\\/p>\",\"margin\":\"default\"}},{\"type\":\"headline\",\"props\":{\"content\":\"VERSAND\",\"title_element\":\"h2\"}},{\"type\":\"text\",\"props\":{\"column_breakpoint\":\"m\",\"content\":\"\n\n<p><b>Online-Ticket<\\\/b><br \\\/><br \\\/><span>Die Tickets k\\u00f6nnen nach Bezahlung direkt im Anschluss an die Buchung bzw. jederzeit wieder \\u00fcber die Ihnen zugesandte \\\"E-Mail Best\\u00e4tigung\\\" ausgedruckt werden.<\\\/span><\\\/p>\\n\n\n<p><span>Die abgedruckte Rechnungsnummer erm\\u00f6glicht Ihnen den Zutritt zur Rifle Range und\\\/oder Handgun Range.<\\\/span><\\\/p>\",\"margin\":\"default\"}},{\"type\":\"headline\",\"props\":{\"content\":\"STORNO\",\"title_element\":\"h2\"}},{\"type\":\"text\",\"props\":{\"column_breakpoint\":\"m\",\"content\":\"\n\n<p><span>Ihre Bestellung bei austriaarms.com\\\/actiondays2024 ist verbindlich und kann nicht storniert werden.<\\\/span><\\\/p>\\n\n\n<p><span>Bitte beachten Sie: F\\u00fcr Tickets besteht kein R\\u00fccktrittsrecht gem. \\u00a7 18 (1) Z10 FAGG.<\\\/span><\\\/p>\",\"margin\":\"default\"}}]}]}]}],\"version\":\"4.3.11\",\"yooessentialsVersion\":\"2.2.9\"} --><\/p>\n","protected":false},"excerpt":{"rendered":"<p>VERSAND &amp; BEZAHLUNG Bezahlung Kreditkarte WICHTIGE INFORMATION: K\u00e4ufer und Kreditkarteninhaber m\u00fcssen die selbe Person sein! Wir behalten uns bei abweichenden K\u00e4ufer- und Kreditkartendaten das Recht vor, Bestellungen im Zweifelsfall auch ohne R\u00fccksprache zu stornieren (Betrag wird automatisch refundiert, Ticketreservierung verf\u00e4llt) PayPalDie Zahlung erfolgt per PayPal. Der Gesamtbetrag Ihrer Bestellung wird von Ihrem Paypal Konto eingezogen. [&hellip;]<\/p>\n","protected":false},"author":1,"featured_media":0,"parent":0,"menu_order":0,"comment_status":"closed","ping_status":"closed","template":"","meta":{"footnotes":""},"class_list":["post-358","page","type-page","status-publish","hentry"],"_links":{"self":[{"href":"https:\/\/austriaarms.com\/actiondays2025\/wp-json\/wp\/v2\/pages\/358","targetHints":{"allow":["GET"]}}],"collection":[{"href":"https:\/\/austriaarms.com\/actiondays2025\/wp-json\/wp\/v2\/pages"}],"about":[{"href":"https:\/\/austriaarms.com\/actiondays2025\/wp-json\/wp\/v2\/types\/page"}],"author":[{"embeddable":true,"href":"https:\/\/austriaarms.com\/actiondays2025\/wp-json\/wp\/v2\/users\/1"}],"replies":[{"embeddable":true,"href":"https:\/\/austriaarms.com\/actiondays2025\/wp-json\/wp\/v2\/comments?post=358"}],"version-history":[{"count":15,"href":"https:\/\/austriaarms.com\/actiondays2025\/wp-json\/wp\/v2\/pages\/358\/revisions"}],"predecessor-version":[{"id":973,"href":"https:\/\/austriaarms.com\/actiondays2025\/wp-json\/wp\/v2\/pages\/358\/revisions\/973"}],"wp:attachment":[{"href":"https:\/\/austriaarms.com\/actiondays2025\/wp-json\/wp\/v2\/media?parent=358"}],"curies":[{"name":"wp","href":"https:\/\/api.w.org\/{rel}","templated":true}]}}