{"id":407,"date":"2024-01-11T08:48:19","date_gmt":"2024-01-11T07:48:19","guid":{"rendered":"http:\/\/austriaarms.local\/?page_id=407"},"modified":"2024-04-14T13:35:14","modified_gmt":"2024-04-14T11:35:14","slug":"agb","status":"publish","type":"page","link":"https:\/\/austriaarms.com\/actiondays2025\/agb","title":{"rendered":"AGB"},"content":{"rendered":"<h1>Allgemeine Gesch\u00e4ftsbedingungen<\/h1>\n<div>\n<h2>AGB AUSTRIA ARMS ONLINE SHOP<\/h2>\n<ol ul=\"\" class=\"uk-list\">\n<li>\n<h3>\u00a7 1 ANWENDBARKEIT &amp; GELTUNGSBEREICH<\/h3>\n<ol>\n<li>F\u00fcr die Gesch\u00e4ftsbeziehungen zwischen dem Brothers in Arms Online Shop und dem Kunden gelten ausschlie\u00dflich die nachfolgendenden allgemeinen Gesch\u00e4ftsbedingungen. Entgegenstehende oder von diesen AGB abweichende Bedingungen erkennt die Ing. Fritsch Trade GmbH nicht an und widerspricht ihnen hiermit ausdr\u00fccklich. Entgegenstehende Gesch\u00e4ftsbedingungen des Kunden sind nur g\u00fcltig, wenn die Ing. Fritsch Trade GmbH ausdr\u00fccklich und schriftlich zustimmt.<\/li>\n<\/ol>\n<\/li>\n<li>\n<h3>\u00a7 2 VERTRAGSABSCHLUSS<\/h3>\n<ol>\n<li>Durch Anklicken des Buttons \u201eZahlungspflichtig bestellen\u201c geben Sie eine verbindliche Bestellung der im Warenkorb enthaltenen Waren ab. Die Best\u00e4tigung des Eingangs der Bestellung folgt unmittelbar nach dem Absenden der Bestellung.<\/li>\n<li>Bei der Bestellung \u00fcber unseren Onlineshop umfasst der Bestellvorgang insgesamt 4 Schritte. Im ersten Schritt w\u00e4hlen Sie die gew\u00fcnschte Ware aus. Im zweiten Schritt geben Sie Ihre Kundendaten einschlie\u00dflich Rechnungsanschrift und ggfs. abweichender Lieferanschrift ein. Im dritten Schritt w\u00e4hlen Sie, wie Sie bezahlen m\u00f6chten. Im letzten Schritt haben Sie die M\u00f6glichkeit, s\u00e4mtliche Angaben (z. B. Name, Anschrift, Zahlungsweise, bestellte Artikel) noch einmal zu \u00fcberpr\u00fcfen und ggfs. zu korrigieren, bevor Sie Ihre Bestellung durch Klick auf \u201eZahlungspflichtig bestellen\u201c an uns absenden.<\/li>\n<\/ol>\n<\/li>\n<li>\n<h3>\u00a7 3 WIDERRUFSRECHT<\/h3>\n<ol>\n<li>Verbrauchern steht grunds\u00e4tzlich ein Widerrufsrecht zu.<\/li>\n<li>N\u00e4here Informationen zum Widerrufsrecht ergeben sich aus der Widerrufsbelehrung des Verk\u00e4ufers.<\/li>\n<li>Das Widerrufsrecht gilt nicht f\u00fcr Verbraucher, die zum Zeitpunkt des Vertragsschlusses keinem Mitgliedstaat der Europ\u00e4ischen Union angeh\u00f6ren und deren alleiniger Wohnsitz und Lieferadresse zum Zeitpunkt des Vertragsschlusses au\u00dferhalb der Europ\u00e4ischen Union liegen.<\/li>\n<\/ol>\n<\/li>\n<li>\n<h3>\u00a7 4 VERSANDKOSTEN<\/h3>\n<ol>\n<li>Zuz\u00fcglich zu den angegebenen Produktpreisen kommen noch Versandkosten hinzu. N\u00e4heres zur H\u00f6he der Versandkosten erfahren Sie bei Bestellvorgang.<\/li>\n<\/ol>\n<\/li>\n<li>\n<h3>\u00a7 5 PREISE &amp; ZAHLUNGSBEDINGUNGEN<\/h3>\n<ol>\n<li>Sofern sich aus der Produktbeschreibung des Verk\u00e4ufers nichts anderes ergibt, handelt es sich bei den angegebenen Preisen um Gesamtpreise, die die gesetzliche Umsatzsteuer enthalten. Gegebenenfalls zus\u00e4tzlich anfallende Liefer- und Versandkosten werden in der jeweiligen Produktbeschreibung gesondert angegeben.<\/li>\n<li>Bei Lieferungen in L\u00e4nder au\u00dferhalb der Europ\u00e4ischen Union k\u00f6nnen im Einzelfall weitere Kosten anfallen, die der Verk\u00e4ufer nicht zu vertreten hat und die vom Kunden zu tragen sind. Hierzu z\u00e4hlen beispielsweise Kosten f\u00fcr die Geld\u00fcbermittlung durch Kreditinstitute (z.B. \u00dcberweisungsgeb\u00fchren, Wechselkursgeb\u00fchren) oder einfuhrrechtliche Abgaben bzw. Steuern (z.B. Z\u00f6lle). Solche Kosten k\u00f6nnen in Bezug auf die Geld\u00fcbermittlung auch dann anfallen, wenn die Lieferung nicht in ein Land au\u00dferhalb der Europ\u00e4ischen Union erfolgt, der Kunde die Zahlung aber von einem Land au\u00dferhalb der Europ\u00e4ischen Union aus vornimmt.<br \/>Die Zahlung kann per PayPal, Sofort\u00fcberweisung, Lastschrift oder Rechnung erfolgen.\n<ol class=\"uk-list\">\n<li><strong>PayPal<\/strong>\n<ul class=\"uk-list\">\n<li>Im Bestellprozess werden Sie auf die Webseite des Online-Anbieters PayPal weitergeleitet. Um den Rechnungsbetrag \u00fcber PayPal bezahlen zu k\u00f6nnen, m\u00fcssen Sie dort registriert sein bzw. sich erst registrieren, mit Ihren Zugangsdaten legitimieren und die Zahlungsanweisung an uns best\u00e4tigen. Nach Abgabe der Bestellung im Shop fordern wir PayPal zur Einleitung der Zahlungstransaktion auf. Die Zahlungstransaktion wird durch PayPal unmittelbar danach automatisch durchgef\u00fchrt. Weitere Hinweise erhalten Sie beim Bestellvorgang.<\/li>\n<\/ul>\n<\/li>\n<li><strong>Sofort\u00fcberweisung<\/strong>\n<ul class=\"uk-list\">\n<li>Nach Abgabe der Bestellung werden Sie auf die Webseite des Online-Anbieters Sofort GmbH von Klarna AB weitergeleitet. Um den Rechnungsbetrag \u00fcber Sofort bezahlen zu k\u00f6nnen, m\u00fcssen Sie \u00fcber ein f\u00fcr die Teilnahme an Sofort freigeschaltetes Online-Banking-Konto mit PIN\/TAN-Verfahren verf\u00fcgen, sich entsprechend legitimieren und die Zahlungsanweisung an uns best\u00e4tigen. Weitere Hinweise erhalten Sie beim Bestellvorgang. Die Zahlungstransaktion wird unmittelbar danach von Sofort durchgef\u00fchrt und Ihr Konto belastet.<\/li>\n<\/ul>\n<\/li>\n<li><strong>Lastschrift<\/strong>\n<ul class=\"uk-list\">\n<li>Erm\u00e4chtigung zum Einzug von Forderungen beim Kauf per Lastschrift:<br \/>Hiermit erteilen Sie Klarna ein SEPA-Lastschriftmandat zur Einziehung f\u00e4lliger Zahlungen und weisen Ihr Geldinstitut an, die Lastschriften einzul\u00f6sen. Die Zahlungen werden von Klarna Bank AG abgewickelt.<\/li>\n<\/ul>\n<\/li>\n<li><strong>Rechnung<\/strong>\n<ul class=\"uk-list\">\n<li>Wenn Sie Zahlung per Rechnung w\u00e4hlen, bezahlen Sie mit einem F\u00e4lligkeitsdatum 14 Tage ab Versand der Waren. Der Shop tritt die Forderung an die Klarna Bank AB ab. Klarna schickt Ihnen eine Zahlungsanweisung, und Sie bezahlen Ihre Bestellung direkt an Klarna. Kontaktdaten und weitere Informationen \u00fcber Klarna finden Sie hier. Klarna bietet Ihnen den Klarna K\u00e4uferschutz. Mehr Informationen und Details zur Vorgehensweise finden Sie hier. <br \/>Wenn Sie als Zahlungsmethode \u201cRechnung\u201d w\u00e4hlen, \u00fcberpr\u00fcft Klarna Ihre Kreditw\u00fcrdigkeit, um festzustellen, ob Ihnen eine Zahlung auf Rechnung gew\u00e4hrt werden kann. Klarna verarbeitet Ihre personenbezogenen Daten, um ihren Verpflichtungen aus dieser Vereinbarung nachzukommen und f\u00fcr die in ihrer Datenschutzerkl\u00e4rung zus\u00e4tzlichen genannten Zwecke.\n<p>Die Datenschutzerkl\u00e4rung der Klarna Dienste ist hier verf\u00fcgbar und durch die Nutzung der Klarna Dienste best\u00e4tigen Sie, dass Sie diese Datenschutzerkl\u00e4rung gelesen haben.<\/li>\n<\/ul>\n<\/li>\n<\/ol>\n<\/li>\n<\/ol>\n<\/li>\n<li>\n<h3>\u00a7 6 LIEFERUNGS- &amp; VERSANDBEDINGUNGEN<\/h3>\n<ol>\n<li>Die Lieferung von Waren erfolgt auf dem Versandweg an die vom Kunden angegebene Lieferanschrift, sofern nichts anderes vereinbart ist. Bei der Abwicklung der Transaktion ist die in der Bestellabwicklung des Verk\u00e4ufers angegebene Lieferanschrift ma\u00dfgeblich.<\/li>\n<li>Scheitert die Zustellung der Ware aus Gr\u00fcnden, die der Kunde zu vertreten hat, tr\u00e4gt der Kunde die dem Verk\u00e4ufer hierdurch entstehenden angemessenen Kosten. Dies gilt im Hinblick auf die Kosten f\u00fcr die Hinsendung nicht, wenn der Kunde sein Widerrufsrecht wirksam aus\u00fcbt. F\u00fcr die R\u00fccksendekosten gilt bei wirksamer Aus\u00fcbung des Widerrufsrechts durch den Kunden die in der Widerrufsbelehrung des Verk\u00e4ufers hierzu getroffene Regelung.<\/li>\n<li>Der Verk\u00e4ufer beh\u00e4lt sich das Recht vor, im Falle nicht richtiger oder nicht ordnungsgem\u00e4\u00dfer Selbstbelieferung vom Vertrag zur\u00fcckzutreten. Dies gilt nur f\u00fcr den Fall, dass die Nichtlieferung nicht vom Verk\u00e4ufer zu vertreten ist und dieser mit der gebotenen Sorgfalt ein konkretes Deckungsgesch\u00e4ft mit dem Zulieferer abgeschlossen hat. Der Verk\u00e4ufer wird alle zumutbaren Anstrengungen unternehmen, um die Ware zu beschaffen. Im Falle der Nichtverf\u00fcgbarkeit oder der nur teilweisen Verf\u00fcgbarkeit der Ware wird der Kunde unverz\u00fcglich informiert und die Gegenleistung unverz\u00fcglich erstattet.<\/li>\n<\/ol>\n<\/li>\n<li>\n<h3>\u00a7 7 EIGENTUMSVORBEHALT<\/h3>\n<ol>\n<li>Die Ware bleibt bis zur vollst\u00e4ndigen Bezahlung unser Eigentum.<\/li>\n<\/ol>\n<\/li>\n<li>\n<h3>\u00a7 8 M\u00c4NGELHAFTUNG (GEW\u00c4HRLEISTUNG)<\/h3>\n<ol>\n<li>Ist die Kaufsache mangelhaft, gelten die Vorschriften der gesetzlichen M\u00e4ngelhaftung.<\/li>\n<li>Handelt der Kunde als Verbraucher, so wird er gebeten, angelieferte Waren mit offensichtlichen Transportsch\u00e4den bei dem Zusteller zu reklamieren und den Verk\u00e4ufer hiervon in Kenntnis zu setzen. Kommt der Kunde dem nicht nach, hat dies keinerlei Auswirkungen auf seine gesetzlichen oder vertraglichen M\u00e4ngelanspr\u00fcche.<\/li>\n<\/ol>\n<\/li>\n<li>\n<h3>\u00a7 9 ANWENDBARES RECHT<\/h3>\n<ol>\n<li>F\u00fcr s\u00e4mtliche Rechtsbeziehungen der Parteien gilt das Recht der Republik \u00d6sterreich unter Ausschluss der Gesetze \u00fcber den internationalen Kauf beweglicher Waren. Bei Verbrauchern gilt diese Rechtswahl nur insoweit, als nicht der gew\u00e4hrte Schutz durch zwingende Bestimmungen des Rechts des Staates, in dem der Verbraucher seinen gew\u00f6hnlichen Aufenthalt hat, entzogen wird.<\/li>\n<\/ol>\n<\/li>\n<li>\n<h3>\u00a7 10 GERICHTSSTAND<\/h3>\n<ol>\n<li>Handelt der Kunde als Kaufmann, juristische Person des \u00f6ffentlichen Rechts oder \u00f6ffentlich-rechtliches Sonderverm\u00f6gen mit Sitz im Hoheitsgebiet der Republik \u00d6sterreich, ist ausschlie\u00dflicher Gerichtsstand f\u00fcr alle Streitigkeiten aus diesem Vertrag der Gesch\u00e4ftssitz des Verk\u00e4ufers. Hat der Kunde seinen Sitz au\u00dferhalb des Hoheitsgebiets der Republik \u00d6sterreich, so ist der Gesch\u00e4ftssitz des Verk\u00e4ufers ausschlie\u00dflicher Gerichtsstand f\u00fcr alle Streitigkeiten aus diesem Vertrag, wenn der Vertrag oder Anspr\u00fcche aus dem Vertrag der beruflichen oder gewerblichen T\u00e4tigkeit des Kunden zugerechnet werden k\u00f6nnen. Der Verk\u00e4ufer ist in den vorstehenden F\u00e4llen jedoch in jedem Fall berechtigt, das Gericht am Sitz des Kunden anzurufen.<\/li>\n<\/ol>\n<\/li>\n<li>\n<h3>\u00a7 11 ALTERNATIVE STREITBEILEGUNG<\/h3>\n<ol>\n<li>Die EU-Kommission stellt im Internet unter folgendem Link eine Plattform zur Online-Streitbeilegung bereit: https:\/\/ec.europa.eu\/consumers\/odr<br \/>Diese Plattform dient als Anlaufstelle zur au\u00dfergerichtlichen Beilegung von Streitigkeiten aus Online-Kauf- oder Dienstleistungsvertr\u00e4gen, an denen ein Verbraucher beteiligt ist.<\/li>\n<li>Der Verk\u00e4ufer ist zur Teilnahme an einem Streitbeilegungsverfahren vor einer Verbraucherschlichtungsstelle weder verpflichtet noch bereit.<\/li>\n<\/ol>\n<\/li>\n<\/ol>\n<\/div>\n<p><!--more--><br \/>\n<!-- {\"type\":\"layout\",\"children\":[{\"type\":\"section\",\"props\":{\"class\":\"header-simple\",\"image_position\":\"center-center\",\"style\":\"default\",\"title_breakpoint\":\"xl\",\"title_position\":\"top-left\",\"title_rotation\":\"left\",\"vertical_align\":\"middle\",\"width\":\"default\"},\"children\":[{\"type\":\"row\",\"children\":[{\"type\":\"column\",\"props\":{\"image_position\":\"center-center\",\"position_sticky_breakpoint\":\"m\"},\"children\":[{\"type\":\"headline\",\"props\":{\"content\":\"Allgemeine Gesch\\u00e4ftsbedingungen\",\"title_element\":\"h1\"}}]}]}],\"name\":\"Header Simple\"},{\"type\":\"section\",\"props\":{\"image_position\":\"center-center\",\"style\":\"default\",\"title_breakpoint\":\"xl\",\"title_position\":\"top-left\",\"title_rotation\":\"left\",\"vertical_align\":\"middle\",\"width\":\"default\"},\"children\":[{\"type\":\"row\",\"children\":[{\"type\":\"column\",\"props\":{\"image_position\":\"center-center\",\"position_sticky_breakpoint\":\"m\"},\"children\":[{\"type\":\"text\",\"props\":{\"column_breakpoint\":\"m\",\"content\":\"\n\n<h2>AGB AUSTRIA ARMS ONLINE SHOP<\\\/h2>\\n\n\n<ol ul=\\\"\\\" class=\\\"uk-list\\\">\\n\n\n<li>\\n\n\n<h3>\\u00a7 1 ANWENDBARKEIT &amp; GELTUNGSBEREICH<\\\/h3>\\n\n\n<ol>\\n\n\n<li>F\\u00fcr die Gesch\\u00e4ftsbeziehungen zwischen dem Brothers in Arms Online Shop und dem Kunden gelten ausschlie\\u00dflich die nachfolgendenden allgemeinen Gesch\\u00e4ftsbedingungen. Entgegenstehende oder von diesen AGB abweichende Bedingungen erkennt die Ing. Fritsch Trade GmbH nicht an und widerspricht ihnen hiermit ausdr\\u00fccklich. Entgegenstehende Gesch\\u00e4ftsbedingungen des Kunden sind nur g\\u00fcltig, wenn die Ing. Fritsch Trade GmbH ausdr\\u00fccklich und schriftlich zustimmt.<\\\/li>\\n<\\\/ol>\\n<\\\/li>\\n\n\n<li>\\n\n\n<h3>\\u00a7 2 VERTRAGSABSCHLUSS<\\\/h3>\\n\n\n<ol>\\n\n\n<li>Durch Anklicken des Buttons \\u201eZahlungspflichtig bestellen\\u201c geben Sie eine verbindliche Bestellung der im Warenkorb enthaltenen Waren ab. Die Best\\u00e4tigung des Eingangs der Bestellung folgt unmittelbar nach dem Absenden der Bestellung.<\\\/li>\\n\n\n<li>Bei der Bestellung \\u00fcber unseren Onlineshop umfasst der Bestellvorgang insgesamt 4 Schritte. Im ersten Schritt w\\u00e4hlen Sie die gew\\u00fcnschte Ware aus. Im zweiten Schritt geben Sie Ihre Kundendaten einschlie\\u00dflich Rechnungsanschrift und ggfs. abweichender Lieferanschrift ein. Im dritten Schritt w\\u00e4hlen Sie, wie Sie bezahlen m\\u00f6chten. Im letzten Schritt haben Sie die M\\u00f6glichkeit, s\\u00e4mtliche Angaben (z. B. Name, Anschrift, Zahlungsweise, bestellte Artikel) noch einmal zu \\u00fcberpr\\u00fcfen und ggfs. zu korrigieren, bevor Sie Ihre Bestellung durch Klick auf \\u201eZahlungspflichtig bestellen\\u201c an uns absenden.<\\\/li>\\n<\\\/ol>\\n<\\\/li>\\n\n\n<li>\\n\n\n<h3>\\u00a7 3 WIDERRUFSRECHT<\\\/h3>\\n\n\n<ol>\\n\n\n<li>Verbrauchern steht grunds\\u00e4tzlich ein Widerrufsrecht zu.<\\\/li>\\n\n\n<li>N\\u00e4here Informationen zum Widerrufsrecht ergeben sich aus der Widerrufsbelehrung des Verk\\u00e4ufers.<\\\/li>\\n\n\n<li>Das Widerrufsrecht gilt nicht f\\u00fcr Verbraucher, die zum Zeitpunkt des Vertragsschlusses keinem Mitgliedstaat der Europ\\u00e4ischen Union angeh\\u00f6ren und deren alleiniger Wohnsitz und Lieferadresse zum Zeitpunkt des Vertragsschlusses au\\u00dferhalb der Europ\\u00e4ischen Union liegen.<\\\/li>\\n<\\\/ol>\\n<\\\/li>\\n\n\n<li>\\n\n\n<h3>\\u00a7 4 VERSANDKOSTEN<\\\/h3>\\n\n\n<ol>\\n\n\n<li>Zuz\\u00fcglich zu den angegebenen Produktpreisen kommen noch Versandkosten hinzu. N\\u00e4heres zur H\\u00f6he der Versandkosten erfahren Sie bei Bestellvorgang.<\\\/li>\\n<\\\/ol>\\n<\\\/li>\\n\n\n<li>\\n\n\n<h3>\\u00a7 5 PREISE &amp; ZAHLUNGSBEDINGUNGEN<\\\/h3>\\n\n\n<ol>\\n\n\n<li>Sofern sich aus der Produktbeschreibung des Verk\\u00e4ufers nichts anderes ergibt, handelt es sich bei den angegebenen Preisen um Gesamtpreise, die die gesetzliche Umsatzsteuer enthalten. Gegebenenfalls zus\\u00e4tzlich anfallende Liefer- und Versandkosten werden in der jeweiligen Produktbeschreibung gesondert angegeben.<\\\/li>\\n\n\n<li>Bei Lieferungen in L\\u00e4nder au\\u00dferhalb der Europ\\u00e4ischen Union k\\u00f6nnen im Einzelfall weitere Kosten anfallen, die der Verk\\u00e4ufer nicht zu vertreten hat und die vom Kunden zu tragen sind. Hierzu z\\u00e4hlen beispielsweise Kosten f\\u00fcr die Geld\\u00fcbermittlung durch Kreditinstitute (z.B. \\u00dcberweisungsgeb\\u00fchren, Wechselkursgeb\\u00fchren) oder einfuhrrechtliche Abgaben bzw. Steuern (z.B. Z\\u00f6lle). Solche Kosten k\\u00f6nnen in Bezug auf die Geld\\u00fcbermittlung auch dann anfallen, wenn die Lieferung nicht in ein Land au\\u00dferhalb der Europ\\u00e4ischen Union erfolgt, der Kunde die Zahlung aber von einem Land au\\u00dferhalb der Europ\\u00e4ischen Union aus vornimmt.<br \\\/>Die Zahlung kann per PayPal, Sofort\\u00fcberweisung, Lastschrift oder Rechnung erfolgen.<br \\\/>\\n\n\n<ol class=\\\"uk-list\\\">\\n\n\n<li><strong>PayPal<\\\/strong>\\n\n\n<ul class=\\\"uk-list\\\">\\n\n\n<li>Im Bestellprozess werden Sie auf die Webseite des Online-Anbieters PayPal weitergeleitet. Um den Rechnungsbetrag \\u00fcber PayPal bezahlen zu k\\u00f6nnen, m\\u00fcssen Sie dort registriert sein bzw. sich erst registrieren, mit Ihren Zugangsdaten legitimieren und die Zahlungsanweisung an uns best\\u00e4tigen. Nach Abgabe der Bestellung im Shop fordern wir PayPal zur Einleitung der Zahlungstransaktion auf. Die Zahlungstransaktion wird durch PayPal unmittelbar danach automatisch durchgef\\u00fchrt. Weitere Hinweise erhalten Sie beim Bestellvorgang.<\\\/li>\\n<\\\/ul>\\n<\\\/li>\\n\n\n<li><strong>Sofort\\u00fcberweisung<\\\/strong>\\n\n\n<ul class=\\\"uk-list\\\">\\n\n\n<li>Nach Abgabe der Bestellung werden Sie auf die Webseite des Online-Anbieters Sofort GmbH von Klarna AB weitergeleitet. Um den Rechnungsbetrag \\u00fcber Sofort bezahlen zu k\\u00f6nnen, m\\u00fcssen Sie \\u00fcber ein f\\u00fcr die Teilnahme an Sofort freigeschaltetes Online-Banking-Konto mit PIN\\\/TAN-Verfahren verf\\u00fcgen, sich entsprechend legitimieren und die Zahlungsanweisung an uns best\\u00e4tigen. Weitere Hinweise erhalten Sie beim Bestellvorgang. Die Zahlungstransaktion wird unmittelbar danach von Sofort durchgef\\u00fchrt und Ihr Konto belastet.<\\\/li>\\n<\\\/ul>\\n<\\\/li>\\n\n\n<li><strong>Lastschrift<\\\/strong>\\n\n\n<ul class=\\\"uk-list\\\">\\n\n\n<li>Erm\\u00e4chtigung zum Einzug von Forderungen beim Kauf per Lastschrift:<br \\\/>Hiermit erteilen Sie Klarna ein SEPA-Lastschriftmandat zur Einziehung f\\u00e4lliger Zahlungen und weisen Ihr Geldinstitut an, die Lastschriften einzul\\u00f6sen. Die Zahlungen werden von Klarna Bank AG abgewickelt.<\\\/li>\\n<\\\/ul>\\n<\\\/li>\\n\n\n<li><strong>Rechnung<\\\/strong>\\n\n\n<ul class=\\\"uk-list\\\">\\n\n\n<li>Wenn Sie Zahlung per Rechnung w\\u00e4hlen, bezahlen Sie mit einem F\\u00e4lligkeitsdatum 14 Tage ab Versand der Waren. Der Shop tritt die Forderung an die Klarna Bank AB ab. Klarna schickt Ihnen eine Zahlungsanweisung, und Sie bezahlen Ihre Bestellung direkt an Klarna. Kontaktdaten und weitere Informationen \\u00fcber Klarna finden Sie hier. Klarna bietet Ihnen den Klarna K\\u00e4uferschutz. Mehr Informationen und Details zur Vorgehensweise finden Sie hier. <br \\\/>Wenn Sie als Zahlungsmethode \\u201cRechnung\\u201d w\\u00e4hlen, \\u00fcberpr\\u00fcft Klarna Ihre Kreditw\\u00fcrdigkeit, um festzustellen, ob Ihnen eine Zahlung auf Rechnung gew\\u00e4hrt werden kann. Klarna verarbeitet Ihre personenbezogenen Daten, um ihren Verpflichtungen aus dieser Vereinbarung nachzukommen und f\\u00fcr die in ihrer Datenschutzerkl\\u00e4rung zus\\u00e4tzlichen genannten Zwecke.<br \\\/><br \\\/>Die Datenschutzerkl\\u00e4rung der Klarna Dienste ist hier verf\\u00fcgbar und durch die Nutzung der Klarna Dienste best\\u00e4tigen Sie, dass Sie diese Datenschutzerkl\\u00e4rung gelesen haben.<\\\/li>\\n<\\\/ul>\\n<\\\/li>\\n<\\\/ol>\\n<\\\/li>\\n<\\\/ol>\\n<\\\/li>\\n\n\n<li>\\n\n\n<h3>\\u00a7 6 LIEFERUNGS- &amp; VERSANDBEDINGUNGEN<\\\/h3>\\n\n\n<ol>\\n\n\n<li>Die Lieferung von Waren erfolgt auf dem Versandweg an die vom Kunden angegebene Lieferanschrift, sofern nichts anderes vereinbart ist. Bei der Abwicklung der Transaktion ist die in der Bestellabwicklung des Verk\\u00e4ufers angegebene Lieferanschrift ma\\u00dfgeblich.<\\\/li>\\n\n\n<li>Scheitert die Zustellung der Ware aus Gr\\u00fcnden, die der Kunde zu vertreten hat, tr\\u00e4gt der Kunde die dem Verk\\u00e4ufer hierdurch entstehenden angemessenen Kosten. Dies gilt im Hinblick auf die Kosten f\\u00fcr die Hinsendung nicht, wenn der Kunde sein Widerrufsrecht wirksam aus\\u00fcbt. F\\u00fcr die R\\u00fccksendekosten gilt bei wirksamer Aus\\u00fcbung des Widerrufsrechts durch den Kunden die in der Widerrufsbelehrung des Verk\\u00e4ufers hierzu getroffene Regelung.<\\\/li>\\n\n\n<li>Der Verk\\u00e4ufer beh\\u00e4lt sich das Recht vor, im Falle nicht richtiger oder nicht ordnungsgem\\u00e4\\u00dfer Selbstbelieferung vom Vertrag zur\\u00fcckzutreten. Dies gilt nur f\\u00fcr den Fall, dass die Nichtlieferung nicht vom Verk\\u00e4ufer zu vertreten ist und dieser mit der gebotenen Sorgfalt ein konkretes Deckungsgesch\\u00e4ft mit dem Zulieferer abgeschlossen hat. Der Verk\\u00e4ufer wird alle zumutbaren Anstrengungen unternehmen, um die Ware zu beschaffen. Im Falle der Nichtverf\\u00fcgbarkeit oder der nur teilweisen Verf\\u00fcgbarkeit der Ware wird der Kunde unverz\\u00fcglich informiert und die Gegenleistung unverz\\u00fcglich erstattet.<\\\/li>\\n<\\\/ol>\\n<\\\/li>\\n\n\n<li>\\n\n\n<h3>\\u00a7 7 EIGENTUMSVORBEHALT<\\\/h3>\\n\n\n<ol>\\n\n\n<li>Die Ware bleibt bis zur vollst\\u00e4ndigen Bezahlung unser Eigentum.<\\\/li>\\n<\\\/ol>\\n<\\\/li>\\n\n\n<li>\\n\n\n<h3>\\u00a7 8 M\\u00c4NGELHAFTUNG (GEW\\u00c4HRLEISTUNG)<\\\/h3>\\n\n\n<ol>\\n\n\n<li>Ist die Kaufsache mangelhaft, gelten die Vorschriften der gesetzlichen M\\u00e4ngelhaftung.<\\\/li>\\n\n\n<li>Handelt der Kunde als Verbraucher, so wird er gebeten, angelieferte Waren mit offensichtlichen Transportsch\\u00e4den bei dem Zusteller zu reklamieren und den Verk\\u00e4ufer hiervon in Kenntnis zu setzen. Kommt der Kunde dem nicht nach, hat dies keinerlei Auswirkungen auf seine gesetzlichen oder vertraglichen M\\u00e4ngelanspr\\u00fcche.<\\\/li>\\n<\\\/ol>\\n<\\\/li>\\n\n\n<li>\\n\n\n<h3>\\u00a7 9 ANWENDBARES RECHT<\\\/h3>\\n\n\n<ol>\\n\n\n<li>F\\u00fcr s\\u00e4mtliche Rechtsbeziehungen der Parteien gilt das Recht der Republik \\u00d6sterreich unter Ausschluss der Gesetze \\u00fcber den internationalen Kauf beweglicher Waren. Bei Verbrauchern gilt diese Rechtswahl nur insoweit, als nicht der gew\\u00e4hrte Schutz durch zwingende Bestimmungen des Rechts des Staates, in dem der Verbraucher seinen gew\\u00f6hnlichen Aufenthalt hat, entzogen wird.<\\\/li>\\n<\\\/ol>\\n<\\\/li>\\n\n\n<li>\\n\n\n<h3>\\u00a7 10 GERICHTSSTAND<\\\/h3>\\n\n\n<ol>\\n\n\n<li>Handelt der Kunde als Kaufmann, juristische Person des \\u00f6ffentlichen Rechts oder \\u00f6ffentlich-rechtliches Sonderverm\\u00f6gen mit Sitz im Hoheitsgebiet der Republik \\u00d6sterreich, ist ausschlie\\u00dflicher Gerichtsstand f\\u00fcr alle Streitigkeiten aus diesem Vertrag der Gesch\\u00e4ftssitz des Verk\\u00e4ufers. Hat der Kunde seinen Sitz au\\u00dferhalb des Hoheitsgebiets der Republik \\u00d6sterreich, so ist der Gesch\\u00e4ftssitz des Verk\\u00e4ufers ausschlie\\u00dflicher Gerichtsstand f\\u00fcr alle Streitigkeiten aus diesem Vertrag, wenn der Vertrag oder Anspr\\u00fcche aus dem Vertrag der beruflichen oder gewerblichen T\\u00e4tigkeit des Kunden zugerechnet werden k\\u00f6nnen. Der Verk\\u00e4ufer ist in den vorstehenden F\\u00e4llen jedoch in jedem Fall berechtigt, das Gericht am Sitz des Kunden anzurufen.<\\\/li>\\n<\\\/ol>\\n<\\\/li>\\n\n\n<li>\\n\n\n<h3>\\u00a7 11 ALTERNATIVE STREITBEILEGUNG<\\\/h3>\\n\n\n<ol>\\n\n\n<li>Die EU-Kommission stellt im Internet unter folgendem Link eine Plattform zur Online-Streitbeilegung bereit: https:\\\/\\\/ec.europa.eu\\\/consumers\\\/odr<br \\\/>Diese Plattform dient als Anlaufstelle zur au\\u00dfergerichtlichen Beilegung von Streitigkeiten aus Online-Kauf- oder Dienstleistungsvertr\\u00e4gen, an denen ein Verbraucher beteiligt ist.<\\\/li>\\n\n\n<li>Der Verk\\u00e4ufer ist zur Teilnahme an einem Streitbeilegungsverfahren vor einer Verbraucherschlichtungsstelle weder verpflichtet noch bereit.<\\\/li>\\n<\\\/ol>\\n<\\\/li>\\n<\\\/ol>\",\"margin\":\"default\"}}]}]}]}],\"version\":\"4.3.8\",\"yooessentialsVersion\":\"2.2.7\"} --><\/p>\n","protected":false},"excerpt":{"rendered":"<p>Allgemeine Gesch\u00e4ftsbedingungen AGB AUSTRIA ARMS ONLINE SHOP \u00a7 1 ANWENDBARKEIT &amp; GELTUNGSBEREICH F\u00fcr die Gesch\u00e4ftsbeziehungen zwischen dem Brothers in Arms Online Shop und dem Kunden gelten ausschlie\u00dflich die nachfolgendenden allgemeinen Gesch\u00e4ftsbedingungen. Entgegenstehende oder von diesen AGB abweichende Bedingungen erkennt die Ing. Fritsch Trade GmbH nicht an und widerspricht ihnen hiermit ausdr\u00fccklich. Entgegenstehende Gesch\u00e4ftsbedingungen des Kunden [&hellip;]<\/p>\n","protected":false},"author":1,"featured_media":0,"parent":0,"menu_order":0,"comment_status":"closed","ping_status":"closed","template":"","meta":{"footnotes":""},"class_list":["post-407","page","type-page","status-publish","hentry"],"_links":{"self":[{"href":"https:\/\/austriaarms.com\/actiondays2025\/wp-json\/wp\/v2\/pages\/407","targetHints":{"allow":["GET"]}}],"collection":[{"href":"https:\/\/austriaarms.com\/actiondays2025\/wp-json\/wp\/v2\/pages"}],"about":[{"href":"https:\/\/austriaarms.com\/actiondays2025\/wp-json\/wp\/v2\/types\/page"}],"author":[{"embeddable":true,"href":"https:\/\/austriaarms.com\/actiondays2025\/wp-json\/wp\/v2\/users\/1"}],"replies":[{"embeddable":true,"href":"https:\/\/austriaarms.com\/actiondays2025\/wp-json\/wp\/v2\/comments?post=407"}],"version-history":[{"count":6,"href":"https:\/\/austriaarms.com\/actiondays2025\/wp-json\/wp\/v2\/pages\/407\/revisions"}],"predecessor-version":[{"id":758,"href":"https:\/\/austriaarms.com\/actiondays2025\/wp-json\/wp\/v2\/pages\/407\/revisions\/758"}],"wp:attachment":[{"href":"https:\/\/austriaarms.com\/actiondays2025\/wp-json\/wp\/v2\/media?parent=407"}],"curies":[{"name":"wp","href":"https:\/\/api.w.org\/{rel}","templated":true}]}}